{"id":41,"date":"2024-08-01T10:07:33","date_gmt":"2024-08-01T08:07:33","guid":{"rendered":"https:\/\/sca-environnement.fr\/?page_id=41"},"modified":"2024-08-30T14:47:16","modified_gmt":"2024-08-30T12:47:16","slug":"accueil","status":"publish","type":"page","link":"https:\/\/sca-environnement.fr\/","title":{"rendered":"Accueil"},"content":{"rendered":"\t\t<div data-elementor-type=\"wp-page\" data-elementor-id=\"41\" class=\"elementor elementor-41\">\n\t\t\t\t<div class=\"elementor-element elementor-element-1cad86e e-flex e-con-boxed e-con e-parent\" data-id=\"1cad86e\" data-element_type=\"container\">\n\t\t\t\t\t<div class=\"e-con-inner\">\n\t\t\t\t<div class=\"elementor-element elementor-element-b7b1f63 elementor-widget elementor-widget-heading\" data-id=\"b7b1f63\" data-element_type=\"widget\" data-widget_type=\"heading.default\">\n\t\t\t\t<div class=\"elementor-widget-container\">\n\t\t\t<style>\/*! elementor - v3.23.0 - 25-07-2024 *\/\n.elementor-heading-title{padding:0;margin:0;line-height:1}.elementor-widget-heading .elementor-heading-title[class*=elementor-size-]>a{color:inherit;font-size:inherit;line-height:inherit}.elementor-widget-heading .elementor-heading-title.elementor-size-small{font-size:15px}.elementor-widget-heading .elementor-heading-title.elementor-size-medium{font-size:19px}.elementor-widget-heading .elementor-heading-title.elementor-size-large{font-size:29px}.elementor-widget-heading .elementor-heading-title.elementor-size-xl{font-size:39px}.elementor-widget-heading .elementor-heading-title.elementor-size-xxl{font-size:59px}<\/style><h2 class=\"elementor-heading-title elementor-size-default\">Comprendre les enjeux environnementaux n'a jamais \u00e9t\u00e9 aussi simple!\u200b<\/h2>\t\t<\/div>\n\t\t\t\t<\/div>\n\t\t\t\t\t<\/div>\n\t\t\t\t<\/div>\n\t\t<div class=\"elementor-element elementor-element-fa08e5c e-flex e-con-boxed e-con e-parent\" data-id=\"fa08e5c\" data-element_type=\"container\">\n\t\t\t\t\t<div class=\"e-con-inner\">\n\t\t\t\t<div class=\"elementor-element elementor-element-0af76a4 elementor-widget elementor-widget-image\" data-id=\"0af76a4\" data-element_type=\"widget\" data-widget_type=\"image.default\">\n\t\t\t\t<div class=\"elementor-widget-container\">\n\t\t\t<style>\/*! elementor - v3.23.0 - 25-07-2024 *\/\n.elementor-widget-image{text-align:center}.elementor-widget-image a{display:inline-block}.elementor-widget-image a img[src$=\".svg\"]{width:48px}.elementor-widget-image img{vertical-align:middle;display:inline-block}<\/style>\t\t\t\t\t\t\t\t\t\t<img fetchpriority=\"high\" decoding=\"async\" width=\"800\" height=\"527\" src=\"https:\/\/sca-environnement.fr\/wp-content\/uploads\/2024\/08\/Parcours-SCA-Environnement-1.png\" class=\"attachment-large size-large wp-image-85\" alt=\"\" srcset=\"https:\/\/sca-environnement.fr\/wp-content\/uploads\/2024\/08\/Parcours-SCA-Environnement-1.png 1024w, https:\/\/sca-environnement.fr\/wp-content\/uploads\/2024\/08\/Parcours-SCA-Environnement-1-300x197.png 300w, https:\/\/sca-environnement.fr\/wp-content\/uploads\/2024\/08\/Parcours-SCA-Environnement-1-768x506.png 768w\" sizes=\"(max-width: 800px) 100vw, 800px\" \/>\t\t\t\t\t\t\t\t\t\t\t\t\t<\/div>\n\t\t\t\t<\/div>\n\t\t\t\t\t<\/div>\n\t\t\t\t<\/div>\n\t\t<div class=\"elementor-element elementor-element-12740dd e-flex e-con-boxed e-con e-parent\" data-id=\"12740dd\" data-element_type=\"container\">\n\t\t\t\t\t<div class=\"e-con-inner\">\n\t\t\t\t<div class=\"elementor-element elementor-element-b29f8ea elementor-widget-divider--view-line elementor-widget elementor-widget-divider\" data-id=\"b29f8ea\" data-element_type=\"widget\" data-widget_type=\"divider.default\">\n\t\t\t\t<div class=\"elementor-widget-container\">\n\t\t\t<style>\/*! elementor - v3.23.0 - 25-07-2024 *\/\n.elementor-widget-divider{--divider-border-style:none;--divider-border-width:1px;--divider-color:#0c0d0e;--divider-icon-size:20px;--divider-element-spacing:10px;--divider-pattern-height:24px;--divider-pattern-size:20px;--divider-pattern-url:none;--divider-pattern-repeat:repeat-x}.elementor-widget-divider .elementor-divider{display:flex}.elementor-widget-divider .elementor-divider__text{font-size:15px;line-height:1;max-width:95%}.elementor-widget-divider .elementor-divider__element{margin:0 var(--divider-element-spacing);flex-shrink:0}.elementor-widget-divider .elementor-icon{font-size:var(--divider-icon-size)}.elementor-widget-divider .elementor-divider-separator{display:flex;margin:0;direction:ltr}.elementor-widget-divider--view-line_icon .elementor-divider-separator,.elementor-widget-divider--view-line_text .elementor-divider-separator{align-items:center}.elementor-widget-divider--view-line_icon .elementor-divider-separator:after,.elementor-widget-divider--view-line_icon .elementor-divider-separator:before,.elementor-widget-divider--view-line_text .elementor-divider-separator:after,.elementor-widget-divider--view-line_text .elementor-divider-separator:before{display:block;content:\"\";border-block-end:0;flex-grow:1;border-block-start:var(--divider-border-width) var(--divider-border-style) var(--divider-color)}.elementor-widget-divider--element-align-left .elementor-divider .elementor-divider-separator>.elementor-divider__svg:first-of-type{flex-grow:0;flex-shrink:100}.elementor-widget-divider--element-align-left .elementor-divider-separator:before{content:none}.elementor-widget-divider--element-align-left .elementor-divider__element{margin-left:0}.elementor-widget-divider--element-align-right .elementor-divider .elementor-divider-separator>.elementor-divider__svg:last-of-type{flex-grow:0;flex-shrink:100}.elementor-widget-divider--element-align-right .elementor-divider-separator:after{content:none}.elementor-widget-divider--element-align-right .elementor-divider__element{margin-right:0}.elementor-widget-divider--element-align-start .elementor-divider .elementor-divider-separator>.elementor-divider__svg:first-of-type{flex-grow:0;flex-shrink:100}.elementor-widget-divider--element-align-start .elementor-divider-separator:before{content:none}.elementor-widget-divider--element-align-start .elementor-divider__element{margin-inline-start:0}.elementor-widget-divider--element-align-end .elementor-divider .elementor-divider-separator>.elementor-divider__svg:last-of-type{flex-grow:0;flex-shrink:100}.elementor-widget-divider--element-align-end .elementor-divider-separator:after{content:none}.elementor-widget-divider--element-align-end .elementor-divider__element{margin-inline-end:0}.elementor-widget-divider:not(.elementor-widget-divider--view-line_text):not(.elementor-widget-divider--view-line_icon) .elementor-divider-separator{border-block-start:var(--divider-border-width) var(--divider-border-style) var(--divider-color)}.elementor-widget-divider--separator-type-pattern{--divider-border-style:none}.elementor-widget-divider--separator-type-pattern.elementor-widget-divider--view-line .elementor-divider-separator,.elementor-widget-divider--separator-type-pattern:not(.elementor-widget-divider--view-line) .elementor-divider-separator:after,.elementor-widget-divider--separator-type-pattern:not(.elementor-widget-divider--view-line) .elementor-divider-separator:before,.elementor-widget-divider--separator-type-pattern:not([class*=elementor-widget-divider--view]) .elementor-divider-separator{width:100%;min-height:var(--divider-pattern-height);-webkit-mask-size:var(--divider-pattern-size) 100%;mask-size:var(--divider-pattern-size) 100%;-webkit-mask-repeat:var(--divider-pattern-repeat);mask-repeat:var(--divider-pattern-repeat);background-color:var(--divider-color);-webkit-mask-image:var(--divider-pattern-url);mask-image:var(--divider-pattern-url)}.elementor-widget-divider--no-spacing{--divider-pattern-size:auto}.elementor-widget-divider--bg-round{--divider-pattern-repeat:round}.rtl .elementor-widget-divider .elementor-divider__text{direction:rtl}.e-con-inner>.elementor-widget-divider,.e-con>.elementor-widget-divider{width:var(--container-widget-width,100%);--flex-grow:var(--container-widget-flex-grow)}<\/style>\t\t<div class=\"elementor-divider\">\n\t\t\t<span class=\"elementor-divider-separator\">\n\t\t\t\t\t\t<\/span>\n\t\t<\/div>\n\t\t\t\t<\/div>\n\t\t\t\t<\/div>\n\t\t\t\t\t<\/div>\n\t\t\t\t<\/div>\n\t\t<div class=\"elementor-element elementor-element-0cd24fa e-flex e-con-boxed e-con e-parent\" data-id=\"0cd24fa\" data-element_type=\"container\">\n\t\t\t\t\t<div class=\"e-con-inner\">\n\t\t\t\t<div class=\"elementor-element elementor-element-9397c20 elementor-widget elementor-widget-spacer\" data-id=\"9397c20\" data-element_type=\"widget\" data-widget_type=\"spacer.default\">\n\t\t\t\t<div class=\"elementor-widget-container\">\n\t\t\t<style>\/*! elementor - v3.23.0 - 25-07-2024 *\/\n.elementor-column .elementor-spacer-inner{height:var(--spacer-size)}.e-con{--container-widget-width:100%}.e-con-inner>.elementor-widget-spacer,.e-con>.elementor-widget-spacer{width:var(--container-widget-width,var(--spacer-size));--align-self:var(--container-widget-align-self,initial);--flex-shrink:0}.e-con-inner>.elementor-widget-spacer>.elementor-widget-container,.e-con>.elementor-widget-spacer>.elementor-widget-container{height:100%;width:100%}.e-con-inner>.elementor-widget-spacer>.elementor-widget-container>.elementor-spacer,.e-con>.elementor-widget-spacer>.elementor-widget-container>.elementor-spacer{height:100%}.e-con-inner>.elementor-widget-spacer>.elementor-widget-container>.elementor-spacer>.elementor-spacer-inner,.e-con>.elementor-widget-spacer>.elementor-widget-container>.elementor-spacer>.elementor-spacer-inner{height:var(--container-widget-height,var(--spacer-size))}.e-con-inner>.elementor-widget-spacer.elementor-widget-empty,.e-con>.elementor-widget-spacer.elementor-widget-empty{position:relative;min-height:22px;min-width:22px}.e-con-inner>.elementor-widget-spacer.elementor-widget-empty .elementor-widget-empty-icon,.e-con>.elementor-widget-spacer.elementor-widget-empty .elementor-widget-empty-icon{position:absolute;top:0;bottom:0;left:0;right:0;margin:auto;padding:0;width:22px;height:22px}<\/style>\t\t<div class=\"elementor-spacer\">\n\t\t\t<div class=\"elementor-spacer-inner\"><\/div>\n\t\t<\/div>\n\t\t\t\t<\/div>\n\t\t\t\t<\/div>\n\t\t\t\t\t<\/div>\n\t\t\t\t<\/div>\n\t\t<div class=\"elementor-element elementor-element-7d1bff9 e-grid e-con-boxed e-con e-parent\" data-id=\"7d1bff9\" data-element_type=\"container\">\n\t\t\t\t\t<div class=\"e-con-inner\">\n\t\t\t\t<div class=\"elementor-element elementor-element-faf5c91 elementor-widget elementor-widget-image\" data-id=\"faf5c91\" data-element_type=\"widget\" data-widget_type=\"image.default\">\n\t\t\t\t<div class=\"elementor-widget-container\">\n\t\t\t\t\t\t\t\t\t\t\t\t\t<img decoding=\"async\" width=\"100\" height=\"98\" src=\"https:\/\/sca-environnement.fr\/wp-content\/uploads\/2024\/08\/community-3245739_640_100.png\" class=\"attachment-full size-full wp-image-136\" alt=\"\" \/>\t\t\t\t\t\t\t\t\t\t\t\t\t<\/div>\n\t\t\t\t<\/div>\n\t\t\t\t<div class=\"elementor-element elementor-element-270f478 elementor-widget elementor-widget-image\" data-id=\"270f478\" data-element_type=\"widget\" data-widget_type=\"image.default\">\n\t\t\t\t<div class=\"elementor-widget-container\">\n\t\t\t\t\t\t\t\t\t\t\t\t\t<img decoding=\"async\" width=\"100\" height=\"121\" src=\"https:\/\/sca-environnement.fr\/wp-content\/uploads\/2024\/08\/invention-153341_640_100.png\" class=\"attachment-full size-full wp-image-137\" alt=\"\" \/>\t\t\t\t\t\t\t\t\t\t\t\t\t<\/div>\n\t\t\t\t<\/div>\n\t\t\t\t<div class=\"elementor-element elementor-element-7189e62 elementor-widget elementor-widget-image\" data-id=\"7189e62\" data-element_type=\"widget\" data-widget_type=\"image.default\">\n\t\t\t\t<div class=\"elementor-widget-container\">\n\t\t\t\t\t\t\t\t\t\t\t\t\t<img loading=\"lazy\" decoding=\"async\" width=\"100\" height=\"128\" src=\"https:\/\/sca-environnement.fr\/wp-content\/uploads\/2024\/08\/checklist-154274_640_100.png\" class=\"attachment-full size-full wp-image-135\" alt=\"\" \/>\t\t\t\t\t\t\t\t\t\t\t\t\t<\/div>\n\t\t\t\t<\/div>\n\t\t\t\t\t<\/div>\n\t\t\t\t<\/div>\n\t\t<div class=\"elementor-element elementor-element-f106f33 e-grid e-con-boxed e-con e-parent\" data-id=\"f106f33\" data-element_type=\"container\">\n\t\t\t\t\t<div class=\"e-con-inner\">\n\t\t\t\t<div class=\"elementor-element elementor-element-935c463 elementor-widget elementor-widget-text-editor\" data-id=\"935c463\" data-element_type=\"widget\" data-widget_type=\"text-editor.default\">\n\t\t\t\t<div class=\"elementor-widget-container\">\n\t\t\t<style>\/*! elementor - v3.23.0 - 25-07-2024 *\/\n.elementor-widget-text-editor.elementor-drop-cap-view-stacked .elementor-drop-cap{background-color:#69727d;color:#fff}.elementor-widget-text-editor.elementor-drop-cap-view-framed .elementor-drop-cap{color:#69727d;border:3px solid;background-color:transparent}.elementor-widget-text-editor:not(.elementor-drop-cap-view-default) .elementor-drop-cap{margin-top:8px}.elementor-widget-text-editor:not(.elementor-drop-cap-view-default) .elementor-drop-cap-letter{width:1em;height:1em}.elementor-widget-text-editor .elementor-drop-cap{float:left;text-align:center;line-height:1;font-size:50px}.elementor-widget-text-editor .elementor-drop-cap-letter{display:inline-block}<\/style>\t\t\t\t<p>Ateliers de sensibilisation ludiques, coop\u00e9ratifs et scientifiques<\/p><p>Cours et conf\u00e9rences<\/p>\t\t\t\t\t\t<\/div>\n\t\t\t\t<\/div>\n\t\t\t\t<div class=\"elementor-element elementor-element-8136302 elementor-widget elementor-widget-text-editor\" data-id=\"8136302\" data-element_type=\"widget\" data-widget_type=\"text-editor.default\">\n\t\t\t\t<div class=\"elementor-widget-container\">\n\t\t\t\t\t\t\t<p>Mesure d&rsquo;impact carbone<\/p>\t\t\t\t\t\t<\/div>\n\t\t\t\t<\/div>\n\t\t\t\t<div class=\"elementor-element elementor-element-4582f6e elementor-widget elementor-widget-text-editor\" data-id=\"4582f6e\" data-element_type=\"widget\" data-widget_type=\"text-editor.default\">\n\t\t\t\t<div class=\"elementor-widget-container\">\n\t\t\t\t\t\t\t<p>Conseil et accompagnement en strat\u00e9gie RSE<\/p>\t\t\t\t\t\t<\/div>\n\t\t\t\t<\/div>\n\t\t\t\t\t<\/div>\n\t\t\t\t<\/div>\n\t\t\t\t<\/div>\n\t\t","protected":false},"excerpt":{"rendered":"<p>Comprendre les enjeux environnementaux n&rsquo;a jamais \u00e9t\u00e9 aussi simple!\u200b Ateliers de sensibilisation ludiques, coop\u00e9ratifs et scientifiques Cours et conf\u00e9rences Mesure d&rsquo;impact carbone Conseil et accompagnement en strat\u00e9gie RSE<\/p>\n","protected":false},"author":1,"featured_media":0,"parent":0,"menu_order":0,"comment_status":"closed","ping_status":"closed","template":"","meta":{"_themeisle_gutenberg_block_has_review":false,"footnotes":""},"class_list":["post-41","page","type-page","status-publish","hentry"],"yoast_head":"<!-- This site is optimized with the Yoast SEO plugin v23.1 - https:\/\/yoast.com\/wordpress\/plugins\/seo\/ -->\n<title>Accueil - SCA Environnement<\/title>\n<meta name=\"robots\" content=\"index, follow, max-snippet:-1, max-image-preview:large, max-video-preview:-1\" \/>\n<link rel=\"canonical\" href=\"https:\/\/sca-environnement.fr\/\" \/>\n<meta property=\"og:locale\" content=\"fr_FR\" \/>\n<meta property=\"og:type\" content=\"article\" \/>\n<meta property=\"og:title\" content=\"Accueil - SCA Environnement\" \/>\n<meta property=\"og:description\" content=\"Comprendre les enjeux environnementaux n&rsquo;a jamais \u00e9t\u00e9 aussi simple!\u200b Ateliers de sensibilisation ludiques, coop\u00e9ratifs et scientifiques Cours et conf\u00e9rences Mesure d&rsquo;impact carbone Conseil et accompagnement en strat\u00e9gie RSE\" \/>\n<meta property=\"og:url\" content=\"https:\/\/sca-environnement.fr\/\" \/>\n<meta property=\"og:site_name\" content=\"SCA Environnement\" \/>\n<meta property=\"article:modified_time\" content=\"2024-08-30T12:47:16+00:00\" \/>\n<meta property=\"og:image\" content=\"http:\/\/sca-environnement.fr\/wp-content\/uploads\/2024\/08\/Parcours-SCA-Environnement-1.png\" \/>\n<meta name=\"twitter:card\" content=\"summary_large_image\" \/>\n<meta name=\"twitter:label1\" content=\"Dur\u00e9e de lecture estim\u00e9e\" \/>\n\t<meta name=\"twitter:data1\" content=\"1 minute\" \/>\n<script type=\"application\/ld+json\" class=\"yoast-schema-graph\">{\"@context\":\"https:\/\/schema.org\",\"@graph\":[{\"@type\":\"WebPage\",\"@id\":\"https:\/\/sca-environnement.fr\/\",\"url\":\"https:\/\/sca-environnement.fr\/\",\"name\":\"Accueil - SCA Environnement\",\"isPartOf\":{\"@id\":\"https:\/\/sca-environnement.fr\/#website\"},\"primaryImageOfPage\":{\"@id\":\"https:\/\/sca-environnement.fr\/#primaryimage\"},\"image\":{\"@id\":\"https:\/\/sca-environnement.fr\/#primaryimage\"},\"thumbnailUrl\":\"http:\/\/sca-environnement.fr\/wp-content\/uploads\/2024\/08\/Parcours-SCA-Environnement-1.png\",\"datePublished\":\"2024-08-01T08:07:33+00:00\",\"dateModified\":\"2024-08-30T12:47:16+00:00\",\"breadcrumb\":{\"@id\":\"https:\/\/sca-environnement.fr\/#breadcrumb\"},\"inLanguage\":\"fr-FR\",\"potentialAction\":[{\"@type\":\"ReadAction\",\"target\":[\"https:\/\/sca-environnement.fr\/\"]}]},{\"@type\":\"ImageObject\",\"inLanguage\":\"fr-FR\",\"@id\":\"https:\/\/sca-environnement.fr\/#primaryimage\",\"url\":\"https:\/\/sca-environnement.fr\/wp-content\/uploads\/2024\/08\/Parcours-SCA-Environnement-1.png\",\"contentUrl\":\"https:\/\/sca-environnement.fr\/wp-content\/uploads\/2024\/08\/Parcours-SCA-Environnement-1.png\",\"width\":1024,\"height\":674},{\"@type\":\"BreadcrumbList\",\"@id\":\"https:\/\/sca-environnement.fr\/#breadcrumb\",\"itemListElement\":[{\"@type\":\"ListItem\",\"position\":1,\"name\":\"Accueil\",\"item\":\"https:\/\/sca-environnement.fr\/\"},{\"@type\":\"ListItem\",\"position\":2,\"name\":\"Accueil\"}]},{\"@type\":\"WebSite\",\"@id\":\"https:\/\/sca-environnement.fr\/#website\",\"url\":\"https:\/\/sca-environnement.fr\/\",\"name\":\"SCA Environnement\",\"description\":\"Sensibiliser, Changer, Agir\",\"publisher\":{\"@id\":\"https:\/\/sca-environnement.fr\/#organization\"},\"potentialAction\":[{\"@type\":\"SearchAction\",\"target\":{\"@type\":\"EntryPoint\",\"urlTemplate\":\"https:\/\/sca-environnement.fr\/?s={search_term_string}\"},\"query-input\":\"required name=search_term_string\"}],\"inLanguage\":\"fr-FR\"},{\"@type\":\"Organization\",\"@id\":\"https:\/\/sca-environnement.fr\/#organization\",\"name\":\"SCA Environnement\",\"url\":\"https:\/\/sca-environnement.fr\/\",\"logo\":{\"@type\":\"ImageObject\",\"inLanguage\":\"fr-FR\",\"@id\":\"https:\/\/sca-environnement.fr\/#\/schema\/logo\/image\/\",\"url\":\"https:\/\/sca-environnement.fr\/wp-content\/uploads\/2024\/07\/Logo_transparent.gif\",\"contentUrl\":\"https:\/\/sca-environnement.fr\/wp-content\/uploads\/2024\/07\/Logo_transparent.gif\",\"width\":1329,\"height\":606,\"caption\":\"SCA Environnement\"},\"image\":{\"@id\":\"https:\/\/sca-environnement.fr\/#\/schema\/logo\/image\/\"}}]}<\/script>\n<!-- \/ Yoast SEO plugin. -->","yoast_head_json":{"title":"Accueil - SCA Environnement","robots":{"index":"index","follow":"follow","max-snippet":"max-snippet:-1","max-image-preview":"max-image-preview:large","max-video-preview":"max-video-preview:-1"},"canonical":"https:\/\/sca-environnement.fr\/","og_locale":"fr_FR","og_type":"article","og_title":"Accueil - SCA Environnement","og_description":"Comprendre les enjeux environnementaux n&rsquo;a jamais \u00e9t\u00e9 aussi simple!\u200b Ateliers de sensibilisation ludiques, coop\u00e9ratifs et scientifiques Cours et conf\u00e9rences Mesure d&rsquo;impact carbone Conseil et accompagnement en strat\u00e9gie RSE","og_url":"https:\/\/sca-environnement.fr\/","og_site_name":"SCA Environnement","article_modified_time":"2024-08-30T12:47:16+00:00","og_image":[{"url":"http:\/\/sca-environnement.fr\/wp-content\/uploads\/2024\/08\/Parcours-SCA-Environnement-1.png"}],"twitter_card":"summary_large_image","twitter_misc":{"Dur\u00e9e de lecture estim\u00e9e":"1 minute"},"schema":{"@context":"https:\/\/schema.org","@graph":[{"@type":"WebPage","@id":"https:\/\/sca-environnement.fr\/","url":"https:\/\/sca-environnement.fr\/","name":"Accueil - SCA Environnement","isPartOf":{"@id":"https:\/\/sca-environnement.fr\/#website"},"primaryImageOfPage":{"@id":"https:\/\/sca-environnement.fr\/#primaryimage"},"image":{"@id":"https:\/\/sca-environnement.fr\/#primaryimage"},"thumbnailUrl":"http:\/\/sca-environnement.fr\/wp-content\/uploads\/2024\/08\/Parcours-SCA-Environnement-1.png","datePublished":"2024-08-01T08:07:33+00:00","dateModified":"2024-08-30T12:47:16+00:00","breadcrumb":{"@id":"https:\/\/sca-environnement.fr\/#breadcrumb"},"inLanguage":"fr-FR","potentialAction":[{"@type":"ReadAction","target":["https:\/\/sca-environnement.fr\/"]}]},{"@type":"ImageObject","inLanguage":"fr-FR","@id":"https:\/\/sca-environnement.fr\/#primaryimage","url":"https:\/\/sca-environnement.fr\/wp-content\/uploads\/2024\/08\/Parcours-SCA-Environnement-1.png","contentUrl":"https:\/\/sca-environnement.fr\/wp-content\/uploads\/2024\/08\/Parcours-SCA-Environnement-1.png","width":1024,"height":674},{"@type":"BreadcrumbList","@id":"https:\/\/sca-environnement.fr\/#breadcrumb","itemListElement":[{"@type":"ListItem","position":1,"name":"Accueil","item":"https:\/\/sca-environnement.fr\/"},{"@type":"ListItem","position":2,"name":"Accueil"}]},{"@type":"WebSite","@id":"https:\/\/sca-environnement.fr\/#website","url":"https:\/\/sca-environnement.fr\/","name":"SCA Environnement","description":"Sensibiliser, Changer, Agir","publisher":{"@id":"https:\/\/sca-environnement.fr\/#organization"},"potentialAction":[{"@type":"SearchAction","target":{"@type":"EntryPoint","urlTemplate":"https:\/\/sca-environnement.fr\/?s={search_term_string}"},"query-input":"required name=search_term_string"}],"inLanguage":"fr-FR"},{"@type":"Organization","@id":"https:\/\/sca-environnement.fr\/#organization","name":"SCA Environnement","url":"https:\/\/sca-environnement.fr\/","logo":{"@type":"ImageObject","inLanguage":"fr-FR","@id":"https:\/\/sca-environnement.fr\/#\/schema\/logo\/image\/","url":"https:\/\/sca-environnement.fr\/wp-content\/uploads\/2024\/07\/Logo_transparent.gif","contentUrl":"https:\/\/sca-environnement.fr\/wp-content\/uploads\/2024\/07\/Logo_transparent.gif","width":1329,"height":606,"caption":"SCA Environnement"},"image":{"@id":"https:\/\/sca-environnement.fr\/#\/schema\/logo\/image\/"}}]}},"_links":{"self":[{"href":"https:\/\/sca-environnement.fr\/index.php\/wp-json\/wp\/v2\/pages\/41","targetHints":{"allow":["GET"]}}],"collection":[{"href":"https:\/\/sca-environnement.fr\/index.php\/wp-json\/wp\/v2\/pages"}],"about":[{"href":"https:\/\/sca-environnement.fr\/index.php\/wp-json\/wp\/v2\/types\/page"}],"author":[{"embeddable":true,"href":"https:\/\/sca-environnement.fr\/index.php\/wp-json\/wp\/v2\/users\/1"}],"replies":[{"embeddable":true,"href":"https:\/\/sca-environnement.fr\/index.php\/wp-json\/wp\/v2\/comments?post=41"}],"version-history":[{"count":49,"href":"https:\/\/sca-environnement.fr\/index.php\/wp-json\/wp\/v2\/pages\/41\/revisions"}],"predecessor-version":[{"id":144,"href":"https:\/\/sca-environnement.fr\/index.php\/wp-json\/wp\/v2\/pages\/41\/revisions\/144"}],"wp:attachment":[{"href":"https:\/\/sca-environnement.fr\/index.php\/wp-json\/wp\/v2\/media?parent=41"}],"curies":[{"name":"wp","href":"https:\/\/api.w.org\/{rel}","templated":true}]}}